{"id":567,"date":"2019-08-17T08:55:00","date_gmt":"2019-08-17T06:55:00","guid":{"rendered":"https:\/\/appartement-evolene.net\/appartement-de-vacances-a-louer-a-evolene\/?page_id=567"},"modified":"2023-08-27T16:11:59","modified_gmt":"2023-08-27T14:11:59","slug":"access-baecamp-evolene","status":"publish","type":"page","link":"https:\/\/appartement-evolene.net\/appartement-de-vacances-a-louer-a-evolene\/access-baecamp-evolene\/","title":{"rendered":"Access"},"content":{"rendered":"<p>How to get to The Basecamp Evolene<br \/>\n<div id=\"wpgmza_map\" class=\"wpgmza_map\" data-settings='{\"id\":\"1\",\"map_title\":\"My first map\",\"map_width\":\"100\",\"map_height\":\"400\",\"map_start_lat\":\"46.113979\",\"map_start_lng\":\"7.492273\",\"map_start_location\":\"46.11397857813145,7.492273000000087\",\"map_start_zoom\":\"10\",\"default_marker\":\"0\",\"type\":\"1\",\"alignment\":\"1\",\"directions_enabled\":\"1\",\"styling_enabled\":\"0\",\"styling_json\":\"\",\"active\":\"0\",\"kml\":\"\",\"bicycle\":\"0\",\"traffic\":\"0\",\"dbox\":\"1\",\"dbox_width\":\"100\",\"listmarkers\":\"0\",\"listmarkers_advanced\":\"0\",\"filterbycat\":\"0\",\"ugm_enabled\":\"0\",\"ugm_category_enabled\":\"0\",\"fusion\":\"\",\"map_width_type\":\"\\\\%\",\"map_height_type\":\"px\",\"mass_marker_support\":\"1\",\"ugm_access\":\"0\",\"order_markers_by\":\"1\",\"order_markers_choice\":\"2\",\"show_user_location\":\"0\",\"default_to\":\"\",\"other_settings\":{\"store_locator_enabled\":2,\"store_locator_distance\":2,\"store_locator_default_radius\":\"10\",\"store_locator_not_found_message\":\"No results found in this location. Please try again.\",\"store_locator_bounce\":1,\"store_locator_query_string\":\"Code Postal \\\/ Adresse\",\"store_locator_default_address\":\"\",\"wpgmza_store_locator_restrict\":\"\",\"map_max_zoom\":\"1\",\"transport_layer\":0,\"wpgmza_theme_data\":\"\",\"wpgmza_show_points_of_interest\":1}}' data-map-id='1' Data-maps-engine='' data-shortcode-attributes='{\"id\":\"1\"}' style=\"display:block; overflow:auto; width:100%; height:400px; float:left;\"><\/div><\/p>\n<p>Leaving the motorway from Lausanne or Brig, take the Sion-Est exit and follow the signs to Val d\u2019H\u00e9rens. Evol\u00e8ne is situated in the Val d\u2019H\u00e9rens, 25 km from Sion. Once you arrive at the village of Vex, turn left and follow the main road until you reach the entrance to Evol\u00e8ne village. <strong>There is a public car park here, which is free in winter. You can leave your car in the car park to the left of the village entrance sign.&nbsp;<\/strong><\/p>\n<p>Upon your arrival at Evol\u00e8ne, enter the village. After 200m, you will see the shop \u201cGaudin Sports\u201d and the restaurant \u201cTaverne Evol\u00e9narde\u201d on your left. You can then go down the path opposite the restaurant where will find Chalet Bellevue at the end of the path. <strong>In the summer you can leave your car in the private car park.&nbsp;<\/strong><\/p>\n<p>The Basecamp<br \/>\nRue Centrale 110<br \/>\nCH-1983 Evol\u00e8ne<br \/>\nLatitude : 46.113973 | Longitude : 7.492273<\/p>\n","protected":false},"excerpt":{"rendered":"<p>How to get to The Basecamp Evolene Leaving the motorway from Lausanne or Brig, take the Sion-Est exit and follow the signs to Val d\u2019H\u00e9rens. Evol\u00e8ne is situated in the Val d\u2019H\u00e9rens, 25 km from Sion. Once you arrive at&#8230; <\/p>\n","protected":false},"author":1,"featured_media":585,"parent":0,"menu_order":0,"comment_status":"closed","ping_status":"closed","template":"","meta":{"footnotes":""},"class_list":["post-567","page","type-page","status-publish","has-post-thumbnail","hentry"],"yoast_head":"<!-- This site is optimized with the Yoast SEO plugin v27.3 - https:\/\/yoast.com\/product\/yoast-seo-wordpress\/ -->\n<title>Access - Camp de base I Appartement de vacances \u00e0 louer | H\u00e9rens,Valais<\/title>\n<meta name=\"description\" content=\"Your Holiday apartment in Evol\u00e8ne is situated in an authentic chalet built in 1929. Back to nature, slow life and healing facing one of the best views of the Alps.\" \/>\n<meta name=\"robots\" content=\"index, follow, max-snippet:-1, max-image-preview:large, max-video-preview:-1\" \/>\n<link rel=\"canonical\" href=\"https:\/\/appartement-evolene.net\/appartement-de-vacances-a-louer-a-evolene\/en\/access-baecamp-evolene\/\" \/>\n<meta property=\"og:locale\" content=\"en_US\" \/>\n<meta property=\"og:type\" content=\"article\" \/>\n<meta property=\"og:title\" content=\"Access - Camp de base I Appartement de vacances \u00e0 louer | H\u00e9rens,Valais\" \/>\n<meta property=\"og:description\" content=\"Your Holiday apartment in Evol\u00e8ne is situated in an authentic chalet built in 1929. Back to nature, slow life and healing facing one of the best views of the Alps.\" \/>\n<meta property=\"og:url\" content=\"https:\/\/appartement-evolene.net\/appartement-de-vacances-a-louer-a-evolene\/en\/access-baecamp-evolene\/\" \/>\n<meta property=\"og:site_name\" content=\"Camp de base I Appartement de vacances \u00e0 louer | H\u00e9rens,Valais\" \/>\n<meta property=\"article:modified_time\" content=\"2023-08-27T14:11:59+00:00\" \/>\n<meta property=\"og:image\" content=\"https:\/\/appartement-evolene.net\/wp-content\/uploads\/2019\/08\/Panorama_Sasseneire.jpg\" \/>\n\t<meta property=\"og:image:width\" content=\"1400\" \/>\n\t<meta property=\"og:image:height\" content=\"300\" \/>\n\t<meta property=\"og:image:type\" content=\"image\/jpeg\" \/>\n<meta name=\"twitter:card\" content=\"summary_large_image\" \/>\n<meta name=\"twitter:label1\" content=\"Est. reading time\" \/>\n\t<meta name=\"twitter:data1\" content=\"1 minute\" \/>\n<script type=\"application\/ld+json\" class=\"yoast-schema-graph\">{\"@context\":\"https:\\\/\\\/schema.org\",\"@graph\":[{\"@type\":\"WebPage\",\"@id\":\"https:\\\/\\\/appartement-evolene.net\\\/appartement-de-vacances-a-louer-a-evolene\\\/en\\\/access-baecamp-evolene\\\/\",\"url\":\"https:\\\/\\\/appartement-evolene.net\\\/appartement-de-vacances-a-louer-a-evolene\\\/en\\\/access-baecamp-evolene\\\/\",\"name\":\"Access - Camp de base I Appartement de vacances \u00e0 louer | H\u00e9rens,Valais\",\"isPartOf\":{\"@id\":\"https:\\\/\\\/appartement-evolene.net\\\/appartement-de-vacances-a-louer-a-evolene\\\/#website\"},\"primaryImageOfPage\":{\"@id\":\"https:\\\/\\\/appartement-evolene.net\\\/appartement-de-vacances-a-louer-a-evolene\\\/en\\\/access-baecamp-evolene\\\/#primaryimage\"},\"image\":{\"@id\":\"https:\\\/\\\/appartement-evolene.net\\\/appartement-de-vacances-a-louer-a-evolene\\\/en\\\/access-baecamp-evolene\\\/#primaryimage\"},\"thumbnailUrl\":\"https:\\\/\\\/appartement-evolene.net\\\/wp-content\\\/uploads\\\/2019\\\/08\\\/Panorama_Sasseneire.jpg\",\"datePublished\":\"2019-08-17T06:55:00+00:00\",\"dateModified\":\"2023-08-27T14:11:59+00:00\",\"description\":\"Your Holiday apartment in Evol\u00e8ne is situated in an authentic chalet built in 1929. Back to nature, slow life and healing facing one of the best views of the Alps.\",\"breadcrumb\":{\"@id\":\"https:\\\/\\\/appartement-evolene.net\\\/appartement-de-vacances-a-louer-a-evolene\\\/en\\\/access-baecamp-evolene\\\/#breadcrumb\"},\"inLanguage\":\"en-US\",\"potentialAction\":[{\"@type\":\"ReadAction\",\"target\":[\"https:\\\/\\\/appartement-evolene.net\\\/appartement-de-vacances-a-louer-a-evolene\\\/en\\\/access-baecamp-evolene\\\/\"]}]},{\"@type\":\"ImageObject\",\"inLanguage\":\"en-US\",\"@id\":\"https:\\\/\\\/appartement-evolene.net\\\/appartement-de-vacances-a-louer-a-evolene\\\/en\\\/access-baecamp-evolene\\\/#primaryimage\",\"url\":\"https:\\\/\\\/appartement-evolene.net\\\/wp-content\\\/uploads\\\/2019\\\/08\\\/Panorama_Sasseneire.jpg\",\"contentUrl\":\"https:\\\/\\\/appartement-evolene.net\\\/wp-content\\\/uploads\\\/2019\\\/08\\\/Panorama_Sasseneire.jpg\",\"width\":1400,\"height\":300,\"caption\":\"Sasseneire - vue sur le haut val d'H\u00e9rens (Evol\u00e8ne,Valais)\"},{\"@type\":\"BreadcrumbList\",\"@id\":\"https:\\\/\\\/appartement-evolene.net\\\/appartement-de-vacances-a-louer-a-evolene\\\/en\\\/access-baecamp-evolene\\\/#breadcrumb\",\"itemListElement\":[{\"@type\":\"ListItem\",\"position\":1,\"name\":\"Accueil\",\"item\":\"https:\\\/\\\/appartement-evolene.net\\\/appartement-de-vacances-a-louer-a-evolene\\\/\"},{\"@type\":\"ListItem\",\"position\":2,\"name\":\"Access\"}]},{\"@type\":\"WebSite\",\"@id\":\"https:\\\/\\\/appartement-evolene.net\\\/appartement-de-vacances-a-louer-a-evolene\\\/#website\",\"url\":\"https:\\\/\\\/appartement-evolene.net\\\/appartement-de-vacances-a-louer-a-evolene\\\/\",\"name\":\"Camp de base I Appartement de vacances \u00e0 louer | H\u00e9rens,Valais\",\"description\":\"Camp de base Evol\u00e8ne - Silence, Relax, Vue unique sur la Dent-Blanche (4\u2019357m)\",\"publisher\":{\"@id\":\"https:\\\/\\\/appartement-evolene.net\\\/appartement-de-vacances-a-louer-a-evolene\\\/#\\\/schema\\\/person\\\/e7e5b75bc239a9008a8584fb5ae7419f\"},\"potentialAction\":[{\"@type\":\"SearchAction\",\"target\":{\"@type\":\"EntryPoint\",\"urlTemplate\":\"https:\\\/\\\/appartement-evolene.net\\\/appartement-de-vacances-a-louer-a-evolene\\\/?s={search_term_string}\"},\"query-input\":{\"@type\":\"PropertyValueSpecification\",\"valueRequired\":true,\"valueName\":\"search_term_string\"}}],\"inLanguage\":\"en-US\"},{\"@type\":[\"Person\",\"Organization\"],\"@id\":\"https:\\\/\\\/appartement-evolene.net\\\/appartement-de-vacances-a-louer-a-evolene\\\/#\\\/schema\\\/person\\\/e7e5b75bc239a9008a8584fb5ae7419f\",\"name\":\"pascal.gaudin@netplus.ch\",\"image\":{\"@type\":\"ImageObject\",\"inLanguage\":\"en-US\",\"@id\":\"https:\\\/\\\/secure.gravatar.com\\\/avatar\\\/08c1e8f052b13e1bbe011685899b7c70094b2391fede675d99ca3613cb1c51ab?s=96&d=mm&r=g\",\"url\":\"https:\\\/\\\/secure.gravatar.com\\\/avatar\\\/08c1e8f052b13e1bbe011685899b7c70094b2391fede675d99ca3613cb1c51ab?s=96&d=mm&r=g\",\"contentUrl\":\"https:\\\/\\\/secure.gravatar.com\\\/avatar\\\/08c1e8f052b13e1bbe011685899b7c70094b2391fede675d99ca3613cb1c51ab?s=96&d=mm&r=g\",\"caption\":\"pascal.gaudin@netplus.ch\"},\"logo\":{\"@id\":\"https:\\\/\\\/secure.gravatar.com\\\/avatar\\\/08c1e8f052b13e1bbe011685899b7c70094b2391fede675d99ca3613cb1c51ab?s=96&d=mm&r=g\"}}]}<\/script>\n<!-- \/ Yoast SEO plugin. -->","yoast_head_json":{"title":"Access - Camp de base I Appartement de vacances \u00e0 louer | H\u00e9rens,Valais","description":"Your Holiday apartment in Evol\u00e8ne is situated in an authentic chalet built in 1929. Back to nature, slow life and healing facing one of the best views of the Alps.","robots":{"index":"index","follow":"follow","max-snippet":"max-snippet:-1","max-image-preview":"max-image-preview:large","max-video-preview":"max-video-preview:-1"},"canonical":"https:\/\/appartement-evolene.net\/appartement-de-vacances-a-louer-a-evolene\/en\/access-baecamp-evolene\/","og_locale":"en_US","og_type":"article","og_title":"Access - Camp de base I Appartement de vacances \u00e0 louer | H\u00e9rens,Valais","og_description":"Your Holiday apartment in Evol\u00e8ne is situated in an authentic chalet built in 1929. Back to nature, slow life and healing facing one of the best views of the Alps.","og_url":"https:\/\/appartement-evolene.net\/appartement-de-vacances-a-louer-a-evolene\/en\/access-baecamp-evolene\/","og_site_name":"Camp de base I Appartement de vacances \u00e0 louer | H\u00e9rens,Valais","article_modified_time":"2023-08-27T14:11:59+00:00","og_image":[{"width":1400,"height":300,"url":"https:\/\/appartement-evolene.net\/wp-content\/uploads\/2019\/08\/Panorama_Sasseneire.jpg","type":"image\/jpeg"}],"twitter_card":"summary_large_image","twitter_misc":{"Est. reading time":"1 minute"},"schema":{"@context":"https:\/\/schema.org","@graph":[{"@type":"WebPage","@id":"https:\/\/appartement-evolene.net\/appartement-de-vacances-a-louer-a-evolene\/en\/access-baecamp-evolene\/","url":"https:\/\/appartement-evolene.net\/appartement-de-vacances-a-louer-a-evolene\/en\/access-baecamp-evolene\/","name":"Access - Camp de base I Appartement de vacances \u00e0 louer | H\u00e9rens,Valais","isPartOf":{"@id":"https:\/\/appartement-evolene.net\/appartement-de-vacances-a-louer-a-evolene\/#website"},"primaryImageOfPage":{"@id":"https:\/\/appartement-evolene.net\/appartement-de-vacances-a-louer-a-evolene\/en\/access-baecamp-evolene\/#primaryimage"},"image":{"@id":"https:\/\/appartement-evolene.net\/appartement-de-vacances-a-louer-a-evolene\/en\/access-baecamp-evolene\/#primaryimage"},"thumbnailUrl":"https:\/\/appartement-evolene.net\/wp-content\/uploads\/2019\/08\/Panorama_Sasseneire.jpg","datePublished":"2019-08-17T06:55:00+00:00","dateModified":"2023-08-27T14:11:59+00:00","description":"Your Holiday apartment in Evol\u00e8ne is situated in an authentic chalet built in 1929. Back to nature, slow life and healing facing one of the best views of the Alps.","breadcrumb":{"@id":"https:\/\/appartement-evolene.net\/appartement-de-vacances-a-louer-a-evolene\/en\/access-baecamp-evolene\/#breadcrumb"},"inLanguage":"en-US","potentialAction":[{"@type":"ReadAction","target":["https:\/\/appartement-evolene.net\/appartement-de-vacances-a-louer-a-evolene\/en\/access-baecamp-evolene\/"]}]},{"@type":"ImageObject","inLanguage":"en-US","@id":"https:\/\/appartement-evolene.net\/appartement-de-vacances-a-louer-a-evolene\/en\/access-baecamp-evolene\/#primaryimage","url":"https:\/\/appartement-evolene.net\/wp-content\/uploads\/2019\/08\/Panorama_Sasseneire.jpg","contentUrl":"https:\/\/appartement-evolene.net\/wp-content\/uploads\/2019\/08\/Panorama_Sasseneire.jpg","width":1400,"height":300,"caption":"Sasseneire - vue sur le haut val d'H\u00e9rens (Evol\u00e8ne,Valais)"},{"@type":"BreadcrumbList","@id":"https:\/\/appartement-evolene.net\/appartement-de-vacances-a-louer-a-evolene\/en\/access-baecamp-evolene\/#breadcrumb","itemListElement":[{"@type":"ListItem","position":1,"name":"Accueil","item":"https:\/\/appartement-evolene.net\/appartement-de-vacances-a-louer-a-evolene\/"},{"@type":"ListItem","position":2,"name":"Access"}]},{"@type":"WebSite","@id":"https:\/\/appartement-evolene.net\/appartement-de-vacances-a-louer-a-evolene\/#website","url":"https:\/\/appartement-evolene.net\/appartement-de-vacances-a-louer-a-evolene\/","name":"Camp de base I Appartement de vacances \u00e0 louer | H\u00e9rens,Valais","description":"Camp de base Evol\u00e8ne - Silence, Relax, Vue unique sur la Dent-Blanche (4\u2019357m)","publisher":{"@id":"https:\/\/appartement-evolene.net\/appartement-de-vacances-a-louer-a-evolene\/#\/schema\/person\/e7e5b75bc239a9008a8584fb5ae7419f"},"potentialAction":[{"@type":"SearchAction","target":{"@type":"EntryPoint","urlTemplate":"https:\/\/appartement-evolene.net\/appartement-de-vacances-a-louer-a-evolene\/?s={search_term_string}"},"query-input":{"@type":"PropertyValueSpecification","valueRequired":true,"valueName":"search_term_string"}}],"inLanguage":"en-US"},{"@type":["Person","Organization"],"@id":"https:\/\/appartement-evolene.net\/appartement-de-vacances-a-louer-a-evolene\/#\/schema\/person\/e7e5b75bc239a9008a8584fb5ae7419f","name":"pascal.gaudin@netplus.ch","image":{"@type":"ImageObject","inLanguage":"en-US","@id":"https:\/\/secure.gravatar.com\/avatar\/08c1e8f052b13e1bbe011685899b7c70094b2391fede675d99ca3613cb1c51ab?s=96&d=mm&r=g","url":"https:\/\/secure.gravatar.com\/avatar\/08c1e8f052b13e1bbe011685899b7c70094b2391fede675d99ca3613cb1c51ab?s=96&d=mm&r=g","contentUrl":"https:\/\/secure.gravatar.com\/avatar\/08c1e8f052b13e1bbe011685899b7c70094b2391fede675d99ca3613cb1c51ab?s=96&d=mm&r=g","caption":"pascal.gaudin@netplus.ch"},"logo":{"@id":"https:\/\/secure.gravatar.com\/avatar\/08c1e8f052b13e1bbe011685899b7c70094b2391fede675d99ca3613cb1c51ab?s=96&d=mm&r=g"}}]}},"_links":{"self":[{"href":"https:\/\/appartement-evolene.net\/appartement-de-vacances-a-louer-a-evolene\/wp-json\/wp\/v2\/pages\/567","targetHints":{"allow":["GET"]}}],"collection":[{"href":"https:\/\/appartement-evolene.net\/appartement-de-vacances-a-louer-a-evolene\/wp-json\/wp\/v2\/pages"}],"about":[{"href":"https:\/\/appartement-evolene.net\/appartement-de-vacances-a-louer-a-evolene\/wp-json\/wp\/v2\/types\/page"}],"author":[{"embeddable":true,"href":"https:\/\/appartement-evolene.net\/appartement-de-vacances-a-louer-a-evolene\/wp-json\/wp\/v2\/users\/1"}],"replies":[{"embeddable":true,"href":"https:\/\/appartement-evolene.net\/appartement-de-vacances-a-louer-a-evolene\/wp-json\/wp\/v2\/comments?post=567"}],"version-history":[{"count":5,"href":"https:\/\/appartement-evolene.net\/appartement-de-vacances-a-louer-a-evolene\/wp-json\/wp\/v2\/pages\/567\/revisions"}],"predecessor-version":[{"id":1020,"href":"https:\/\/appartement-evolene.net\/appartement-de-vacances-a-louer-a-evolene\/wp-json\/wp\/v2\/pages\/567\/revisions\/1020"}],"wp:featuredmedia":[{"embeddable":true,"href":"https:\/\/appartement-evolene.net\/appartement-de-vacances-a-louer-a-evolene\/wp-json\/wp\/v2\/media\/585"}],"wp:attachment":[{"href":"https:\/\/appartement-evolene.net\/appartement-de-vacances-a-louer-a-evolene\/wp-json\/wp\/v2\/media?parent=567"}],"curies":[{"name":"wp","href":"https:\/\/api.w.org\/{rel}","templated":true}]}}