{"id":560,"date":"2019-08-17T08:49:07","date_gmt":"2019-08-17T06:49:07","guid":{"rendered":"https:\/\/appartement-evolene.net\/appartement-de-vacances-a-louer-a-evolene\/?page_id=560"},"modified":"2024-05-26T13:49:50","modified_gmt":"2024-05-26T11:49:50","slug":"rates-general-conditions-chalet-bellevue-lodge-evolene","status":"publish","type":"page","link":"https:\/\/appartement-evolene.net\/appartement-de-vacances-a-louer-a-evolene\/rates-general-conditions-chalet-bellevue-lodge-evolene\/","title":{"rendered":"Rates &#038; General Conditions"},"content":{"rendered":"<p><div class=\"pricing_table pcol4\">\n<div class=\"price_col \" style=\"background-color:#373838 !important;\">\n<div class=\"th\">Cristmas-New Year-Carnival<\/div>\n<div class=\"td\">CHF 1&#8217;490.00\/week<\/div>\n<\/div>\n<div class=\"price_col \" style=\"background-color:#009fd6 !important;\">\n<div class=\"th\">High season<\/div>\n<div class=\"td\">CHF 1&#8217;290.00\/week<\/div>\n<\/div>\n<div class=\"price_col \" style=\"background-color:#83672b  !important;\">\n<div class=\"th\">LowSeason<\/div>\n<div class=\"td\">CHF 890.00\/week<\/div>\n<\/div>\n<div class=\"clear\"><\/div><\/div><br \/>\nHIGH SEASON 2024 : Jul 1-Sep 1<br \/>\nHIGH SEASON 2025 : Feb 1 &#8211; Mar 1 , Jun 28-Aug 30<br \/>\nLOW SEASON\u00a0 : Other weeks<\/p>\n<p>For longer stays, 10% \u00a0discount for every additional week.<br \/>\nStays under 7 nights possible only on last minute reservation<\/p>\n<p>Weekly rentals are effective from Saturday at 4 pm until the following Saturday at 9 am.<br \/>\nService charges are the following : heating, electricity and tourist taxes.<br \/>\nOptions : stove, final cleaning and bed linen<\/p>\n<p><strong>Conditions of payment<\/strong><br \/>\nBed linen and towels may be supplied on the spot at a charge of CHF 35.00 per person.<\/p>\n<p>Deposit : 50% of the rental price is to be transferred when the reservation is made and is valid as a confirmation of the reservation. The total amount shall be due if the total rental does not exceed CHF 500.00. The deposit can be paid on the account CH73 0840 1000 0622 2712 2 or on the <a href=\"https:\/\/alpes-pures.com\/en\" rel=\"noopener\">booking engine <\/a>. The balance\u00a0is payable cash upon arrival.<\/p>\n<p><strong>Cancellation<\/strong><\/p>\n<p>In the case of cancellation more than 30 days before the beginning of the lease, 50% of the rental price, , is due. In the case of cancellation less than 30 days before the beginning of the lease or departure before the end of the agreed lease, the client is obliged to pay the total amount of the reservation.<\/p>\n<p><strong>Security bond<\/strong><br \/>\nA guarantee of CHF 300.00 or EUR 350.00 is asked at the beginning of the stay.<\/p>\n<p><strong>General conditions<\/strong><\/p>\n<p>The tenant agrees to keep the site to its original state and clean it at\u00a0the end of the lease. Otherwise, the final cleaning will be charged CHF 120.00 . The tenant\u00a0<span lang=\"en\">certifies to be covered by liability insurance.<\/span><\/p>\n<p>The proprietor declines all liability in the case of accident, loss, theft, damage or harm occurring inside or in the vicinity of the property.<\/p>\n<p>The proprietor may revoke the lease, without compensation, in the case of acts of God (<em>force majeure),<\/em> e.g. war, natural disaster, inclement weather, fire, etc. In this case, the client shall be reimbursed the sums already paid.<\/p>\n<p>These general conditions are subject to Swiss legislation. The legal forum shall be Sion (VS).<\/p>\n","protected":false},"excerpt":{"rendered":"<p>HIGH SEASON 2024 : Jul 1-Sep 1 HIGH SEASON 2025 : Feb 1 &#8211; Mar 1 , Jun 28-Aug 30 LOW SEASON\u00a0 : Other weeks For longer stays, 10% \u00a0discount for every additional week. Stays under 7 nights possible only&#8230; <\/p>\n","protected":false},"author":1,"featured_media":582,"parent":0,"menu_order":0,"comment_status":"closed","ping_status":"closed","template":"","meta":{"footnotes":""},"class_list":["post-560","page","type-page","status-publish","has-post-thumbnail","hentry"],"yoast_head":"<!-- This site is optimized with the Yoast SEO plugin v27.3 - https:\/\/yoast.com\/product\/yoast-seo-wordpress\/ -->\n<title>Rates &amp; General Conditions - Camp de base I Appartement de vacances \u00e0 louer | H\u00e9rens,Valais<\/title>\n<meta name=\"description\" content=\"Your Holiday apartment in Evol\u00e8ne is situated in an authentic chalet built in 1929. Back to nature and slow life facing one of the best views of the Alps.\" \/>\n<meta name=\"robots\" content=\"index, follow, max-snippet:-1, max-image-preview:large, max-video-preview:-1\" \/>\n<link rel=\"canonical\" href=\"https:\/\/appartement-evolene.net\/appartement-de-vacances-a-louer-a-evolene\/en\/rates-general-conditions-chalet-bellevue-lodge-evolene\/\" \/>\n<meta property=\"og:locale\" content=\"en_US\" \/>\n<meta property=\"og:type\" content=\"article\" \/>\n<meta property=\"og:title\" content=\"Rates &amp; General Conditions - Camp de base I Appartement de vacances \u00e0 louer | H\u00e9rens,Valais\" \/>\n<meta property=\"og:description\" content=\"Your Holiday apartment in Evol\u00e8ne is situated in an authentic chalet built in 1929. Back to nature and slow life facing one of the best views of the Alps.\" \/>\n<meta property=\"og:url\" content=\"https:\/\/appartement-evolene.net\/appartement-de-vacances-a-louer-a-evolene\/en\/rates-general-conditions-chalet-bellevue-lodge-evolene\/\" \/>\n<meta property=\"og:site_name\" content=\"Camp de base I Appartement de vacances \u00e0 louer | H\u00e9rens,Valais\" \/>\n<meta property=\"article:modified_time\" content=\"2024-05-26T11:49:50+00:00\" \/>\n<meta property=\"og:image\" content=\"https:\/\/appartement-evolene.net\/wp-content\/uploads\/2019\/08\/Vallon_de_Ferpecle_Dent_Blanche.jpg\" \/>\n\t<meta property=\"og:image:width\" content=\"1500\" \/>\n\t<meta property=\"og:image:height\" content=\"300\" \/>\n\t<meta property=\"og:image:type\" content=\"image\/jpeg\" \/>\n<meta name=\"twitter:card\" content=\"summary_large_image\" \/>\n<meta name=\"twitter:label1\" content=\"Est. reading time\" \/>\n\t<meta name=\"twitter:data1\" content=\"3 minutes\" \/>\n<script type=\"application\/ld+json\" class=\"yoast-schema-graph\">{\"@context\":\"https:\\\/\\\/schema.org\",\"@graph\":[{\"@type\":\"WebPage\",\"@id\":\"https:\\\/\\\/appartement-evolene.net\\\/appartement-de-vacances-a-louer-a-evolene\\\/en\\\/rates-general-conditions-chalet-bellevue-lodge-evolene\\\/\",\"url\":\"https:\\\/\\\/appartement-evolene.net\\\/appartement-de-vacances-a-louer-a-evolene\\\/en\\\/rates-general-conditions-chalet-bellevue-lodge-evolene\\\/\",\"name\":\"Rates & General Conditions - Camp de base I Appartement de vacances \u00e0 louer | H\u00e9rens,Valais\",\"isPartOf\":{\"@id\":\"https:\\\/\\\/appartement-evolene.net\\\/appartement-de-vacances-a-louer-a-evolene\\\/#website\"},\"primaryImageOfPage\":{\"@id\":\"https:\\\/\\\/appartement-evolene.net\\\/appartement-de-vacances-a-louer-a-evolene\\\/en\\\/rates-general-conditions-chalet-bellevue-lodge-evolene\\\/#primaryimage\"},\"image\":{\"@id\":\"https:\\\/\\\/appartement-evolene.net\\\/appartement-de-vacances-a-louer-a-evolene\\\/en\\\/rates-general-conditions-chalet-bellevue-lodge-evolene\\\/#primaryimage\"},\"thumbnailUrl\":\"https:\\\/\\\/appartement-evolene.net\\\/wp-content\\\/uploads\\\/2019\\\/08\\\/Vallon_de_Ferpecle_Dent_Blanche.jpg\",\"datePublished\":\"2019-08-17T06:49:07+00:00\",\"dateModified\":\"2024-05-26T11:49:50+00:00\",\"description\":\"Your Holiday apartment in Evol\u00e8ne is situated in an authentic chalet built in 1929. Back to nature and slow life facing one of the best views of the Alps.\",\"breadcrumb\":{\"@id\":\"https:\\\/\\\/appartement-evolene.net\\\/appartement-de-vacances-a-louer-a-evolene\\\/en\\\/rates-general-conditions-chalet-bellevue-lodge-evolene\\\/#breadcrumb\"},\"inLanguage\":\"en-US\",\"potentialAction\":[{\"@type\":\"ReadAction\",\"target\":[\"https:\\\/\\\/appartement-evolene.net\\\/appartement-de-vacances-a-louer-a-evolene\\\/en\\\/rates-general-conditions-chalet-bellevue-lodge-evolene\\\/\"]}]},{\"@type\":\"ImageObject\",\"inLanguage\":\"en-US\",\"@id\":\"https:\\\/\\\/appartement-evolene.net\\\/appartement-de-vacances-a-louer-a-evolene\\\/en\\\/rates-general-conditions-chalet-bellevue-lodge-evolene\\\/#primaryimage\",\"url\":\"https:\\\/\\\/appartement-evolene.net\\\/wp-content\\\/uploads\\\/2019\\\/08\\\/Vallon_de_Ferpecle_Dent_Blanche.jpg\",\"contentUrl\":\"https:\\\/\\\/appartement-evolene.net\\\/wp-content\\\/uploads\\\/2019\\\/08\\\/Vallon_de_Ferpecle_Dent_Blanche.jpg\",\"width\":1500,\"height\":300,\"caption\":\"Ferp\u00e8cle - vue sur la Dent-Blanche (Evol\u00e8ne,H\u00e9rens,Valais)\"},{\"@type\":\"BreadcrumbList\",\"@id\":\"https:\\\/\\\/appartement-evolene.net\\\/appartement-de-vacances-a-louer-a-evolene\\\/en\\\/rates-general-conditions-chalet-bellevue-lodge-evolene\\\/#breadcrumb\",\"itemListElement\":[{\"@type\":\"ListItem\",\"position\":1,\"name\":\"Accueil\",\"item\":\"https:\\\/\\\/appartement-evolene.net\\\/appartement-de-vacances-a-louer-a-evolene\\\/\"},{\"@type\":\"ListItem\",\"position\":2,\"name\":\"Rates &#038; General Conditions\"}]},{\"@type\":\"WebSite\",\"@id\":\"https:\\\/\\\/appartement-evolene.net\\\/appartement-de-vacances-a-louer-a-evolene\\\/#website\",\"url\":\"https:\\\/\\\/appartement-evolene.net\\\/appartement-de-vacances-a-louer-a-evolene\\\/\",\"name\":\"Camp de base I Appartement de vacances \u00e0 louer | H\u00e9rens,Valais\",\"description\":\"Camp de base Evol\u00e8ne - Silence, Relax, Vue unique sur la Dent-Blanche (4\u2019357m)\",\"publisher\":{\"@id\":\"https:\\\/\\\/appartement-evolene.net\\\/appartement-de-vacances-a-louer-a-evolene\\\/#\\\/schema\\\/person\\\/e7e5b75bc239a9008a8584fb5ae7419f\"},\"potentialAction\":[{\"@type\":\"SearchAction\",\"target\":{\"@type\":\"EntryPoint\",\"urlTemplate\":\"https:\\\/\\\/appartement-evolene.net\\\/appartement-de-vacances-a-louer-a-evolene\\\/?s={search_term_string}\"},\"query-input\":{\"@type\":\"PropertyValueSpecification\",\"valueRequired\":true,\"valueName\":\"search_term_string\"}}],\"inLanguage\":\"en-US\"},{\"@type\":[\"Person\",\"Organization\"],\"@id\":\"https:\\\/\\\/appartement-evolene.net\\\/appartement-de-vacances-a-louer-a-evolene\\\/#\\\/schema\\\/person\\\/e7e5b75bc239a9008a8584fb5ae7419f\",\"name\":\"pascal.gaudin@netplus.ch\",\"image\":{\"@type\":\"ImageObject\",\"inLanguage\":\"en-US\",\"@id\":\"https:\\\/\\\/secure.gravatar.com\\\/avatar\\\/08c1e8f052b13e1bbe011685899b7c70094b2391fede675d99ca3613cb1c51ab?s=96&d=mm&r=g\",\"url\":\"https:\\\/\\\/secure.gravatar.com\\\/avatar\\\/08c1e8f052b13e1bbe011685899b7c70094b2391fede675d99ca3613cb1c51ab?s=96&d=mm&r=g\",\"contentUrl\":\"https:\\\/\\\/secure.gravatar.com\\\/avatar\\\/08c1e8f052b13e1bbe011685899b7c70094b2391fede675d99ca3613cb1c51ab?s=96&d=mm&r=g\",\"caption\":\"pascal.gaudin@netplus.ch\"},\"logo\":{\"@id\":\"https:\\\/\\\/secure.gravatar.com\\\/avatar\\\/08c1e8f052b13e1bbe011685899b7c70094b2391fede675d99ca3613cb1c51ab?s=96&d=mm&r=g\"}}]}<\/script>\n<!-- \/ Yoast SEO plugin. -->","yoast_head_json":{"title":"Rates & General Conditions - Camp de base I Appartement de vacances \u00e0 louer | H\u00e9rens,Valais","description":"Your Holiday apartment in Evol\u00e8ne is situated in an authentic chalet built in 1929. Back to nature and slow life facing one of the best views of the Alps.","robots":{"index":"index","follow":"follow","max-snippet":"max-snippet:-1","max-image-preview":"max-image-preview:large","max-video-preview":"max-video-preview:-1"},"canonical":"https:\/\/appartement-evolene.net\/appartement-de-vacances-a-louer-a-evolene\/en\/rates-general-conditions-chalet-bellevue-lodge-evolene\/","og_locale":"en_US","og_type":"article","og_title":"Rates & General Conditions - Camp de base I Appartement de vacances \u00e0 louer | H\u00e9rens,Valais","og_description":"Your Holiday apartment in Evol\u00e8ne is situated in an authentic chalet built in 1929. Back to nature and slow life facing one of the best views of the Alps.","og_url":"https:\/\/appartement-evolene.net\/appartement-de-vacances-a-louer-a-evolene\/en\/rates-general-conditions-chalet-bellevue-lodge-evolene\/","og_site_name":"Camp de base I Appartement de vacances \u00e0 louer | H\u00e9rens,Valais","article_modified_time":"2024-05-26T11:49:50+00:00","og_image":[{"width":1500,"height":300,"url":"https:\/\/appartement-evolene.net\/wp-content\/uploads\/2019\/08\/Vallon_de_Ferpecle_Dent_Blanche.jpg","type":"image\/jpeg"}],"twitter_card":"summary_large_image","twitter_misc":{"Est. reading time":"3 minutes"},"schema":{"@context":"https:\/\/schema.org","@graph":[{"@type":"WebPage","@id":"https:\/\/appartement-evolene.net\/appartement-de-vacances-a-louer-a-evolene\/en\/rates-general-conditions-chalet-bellevue-lodge-evolene\/","url":"https:\/\/appartement-evolene.net\/appartement-de-vacances-a-louer-a-evolene\/en\/rates-general-conditions-chalet-bellevue-lodge-evolene\/","name":"Rates & General Conditions - Camp de base I Appartement de vacances \u00e0 louer | H\u00e9rens,Valais","isPartOf":{"@id":"https:\/\/appartement-evolene.net\/appartement-de-vacances-a-louer-a-evolene\/#website"},"primaryImageOfPage":{"@id":"https:\/\/appartement-evolene.net\/appartement-de-vacances-a-louer-a-evolene\/en\/rates-general-conditions-chalet-bellevue-lodge-evolene\/#primaryimage"},"image":{"@id":"https:\/\/appartement-evolene.net\/appartement-de-vacances-a-louer-a-evolene\/en\/rates-general-conditions-chalet-bellevue-lodge-evolene\/#primaryimage"},"thumbnailUrl":"https:\/\/appartement-evolene.net\/wp-content\/uploads\/2019\/08\/Vallon_de_Ferpecle_Dent_Blanche.jpg","datePublished":"2019-08-17T06:49:07+00:00","dateModified":"2024-05-26T11:49:50+00:00","description":"Your Holiday apartment in Evol\u00e8ne is situated in an authentic chalet built in 1929. Back to nature and slow life facing one of the best views of the Alps.","breadcrumb":{"@id":"https:\/\/appartement-evolene.net\/appartement-de-vacances-a-louer-a-evolene\/en\/rates-general-conditions-chalet-bellevue-lodge-evolene\/#breadcrumb"},"inLanguage":"en-US","potentialAction":[{"@type":"ReadAction","target":["https:\/\/appartement-evolene.net\/appartement-de-vacances-a-louer-a-evolene\/en\/rates-general-conditions-chalet-bellevue-lodge-evolene\/"]}]},{"@type":"ImageObject","inLanguage":"en-US","@id":"https:\/\/appartement-evolene.net\/appartement-de-vacances-a-louer-a-evolene\/en\/rates-general-conditions-chalet-bellevue-lodge-evolene\/#primaryimage","url":"https:\/\/appartement-evolene.net\/wp-content\/uploads\/2019\/08\/Vallon_de_Ferpecle_Dent_Blanche.jpg","contentUrl":"https:\/\/appartement-evolene.net\/wp-content\/uploads\/2019\/08\/Vallon_de_Ferpecle_Dent_Blanche.jpg","width":1500,"height":300,"caption":"Ferp\u00e8cle - vue sur la Dent-Blanche (Evol\u00e8ne,H\u00e9rens,Valais)"},{"@type":"BreadcrumbList","@id":"https:\/\/appartement-evolene.net\/appartement-de-vacances-a-louer-a-evolene\/en\/rates-general-conditions-chalet-bellevue-lodge-evolene\/#breadcrumb","itemListElement":[{"@type":"ListItem","position":1,"name":"Accueil","item":"https:\/\/appartement-evolene.net\/appartement-de-vacances-a-louer-a-evolene\/"},{"@type":"ListItem","position":2,"name":"Rates &#038; General Conditions"}]},{"@type":"WebSite","@id":"https:\/\/appartement-evolene.net\/appartement-de-vacances-a-louer-a-evolene\/#website","url":"https:\/\/appartement-evolene.net\/appartement-de-vacances-a-louer-a-evolene\/","name":"Camp de base I Appartement de vacances \u00e0 louer | H\u00e9rens,Valais","description":"Camp de base Evol\u00e8ne - Silence, Relax, Vue unique sur la Dent-Blanche (4\u2019357m)","publisher":{"@id":"https:\/\/appartement-evolene.net\/appartement-de-vacances-a-louer-a-evolene\/#\/schema\/person\/e7e5b75bc239a9008a8584fb5ae7419f"},"potentialAction":[{"@type":"SearchAction","target":{"@type":"EntryPoint","urlTemplate":"https:\/\/appartement-evolene.net\/appartement-de-vacances-a-louer-a-evolene\/?s={search_term_string}"},"query-input":{"@type":"PropertyValueSpecification","valueRequired":true,"valueName":"search_term_string"}}],"inLanguage":"en-US"},{"@type":["Person","Organization"],"@id":"https:\/\/appartement-evolene.net\/appartement-de-vacances-a-louer-a-evolene\/#\/schema\/person\/e7e5b75bc239a9008a8584fb5ae7419f","name":"pascal.gaudin@netplus.ch","image":{"@type":"ImageObject","inLanguage":"en-US","@id":"https:\/\/secure.gravatar.com\/avatar\/08c1e8f052b13e1bbe011685899b7c70094b2391fede675d99ca3613cb1c51ab?s=96&d=mm&r=g","url":"https:\/\/secure.gravatar.com\/avatar\/08c1e8f052b13e1bbe011685899b7c70094b2391fede675d99ca3613cb1c51ab?s=96&d=mm&r=g","contentUrl":"https:\/\/secure.gravatar.com\/avatar\/08c1e8f052b13e1bbe011685899b7c70094b2391fede675d99ca3613cb1c51ab?s=96&d=mm&r=g","caption":"pascal.gaudin@netplus.ch"},"logo":{"@id":"https:\/\/secure.gravatar.com\/avatar\/08c1e8f052b13e1bbe011685899b7c70094b2391fede675d99ca3613cb1c51ab?s=96&d=mm&r=g"}}]}},"_links":{"self":[{"href":"https:\/\/appartement-evolene.net\/appartement-de-vacances-a-louer-a-evolene\/wp-json\/wp\/v2\/pages\/560","targetHints":{"allow":["GET"]}}],"collection":[{"href":"https:\/\/appartement-evolene.net\/appartement-de-vacances-a-louer-a-evolene\/wp-json\/wp\/v2\/pages"}],"about":[{"href":"https:\/\/appartement-evolene.net\/appartement-de-vacances-a-louer-a-evolene\/wp-json\/wp\/v2\/types\/page"}],"author":[{"embeddable":true,"href":"https:\/\/appartement-evolene.net\/appartement-de-vacances-a-louer-a-evolene\/wp-json\/wp\/v2\/users\/1"}],"replies":[{"embeddable":true,"href":"https:\/\/appartement-evolene.net\/appartement-de-vacances-a-louer-a-evolene\/wp-json\/wp\/v2\/comments?post=560"}],"version-history":[{"count":5,"href":"https:\/\/appartement-evolene.net\/appartement-de-vacances-a-louer-a-evolene\/wp-json\/wp\/v2\/pages\/560\/revisions"}],"predecessor-version":[{"id":1050,"href":"https:\/\/appartement-evolene.net\/appartement-de-vacances-a-louer-a-evolene\/wp-json\/wp\/v2\/pages\/560\/revisions\/1050"}],"wp:featuredmedia":[{"embeddable":true,"href":"https:\/\/appartement-evolene.net\/appartement-de-vacances-a-louer-a-evolene\/wp-json\/wp\/v2\/media\/582"}],"wp:attachment":[{"href":"https:\/\/appartement-evolene.net\/appartement-de-vacances-a-louer-a-evolene\/wp-json\/wp\/v2\/media?parent=560"}],"curies":[{"name":"wp","href":"https:\/\/api.w.org\/{rel}","templated":true}]}}